{"id":1080,"date":"2023-01-26T11:28:24","date_gmt":"2023-01-26T11:28:24","guid":{"rendered":"https:\/\/dis.ijs.si\/sviz\/?page_id=1080"},"modified":"2026-03-10T12:25:44","modified_gmt":"2026-03-10T12:25:44","slug":"organiziranost-2","status":"publish","type":"page","link":"https:\/\/ijs-sviz.ijs.si\/index.php\/organiziranost-2\/","title":{"rendered":"Organiziranost"},"content":{"rendered":"\n<p>Predsednik sindikata: prof. dr. Jo\u017ee Punger\u010dar<\/p>\n\n\n\n<p>Podpredsednik sindikata: doc. dr. Bernard \u017denko<\/p>\n\n\n\n<p>Sindikalna zaupnica: Metka \u0160traus Pe\u010dar           metka.straus@ijs.si<\/p>\n\n\n\n<p>Blagajni\u010darka: mag. Regina Gruden                   regina.gruden@ijs.si<\/p>\n\n\n\n<p><\/p>\n\n\n\n<p><\/p>\n\n\n\n<p><strong>\u010clani\/ce izvr\u0161nega odbora<\/strong><\/p>\n\n\n\n<figure class=\"wp-block-table\"><table><tbody><tr><td>1.<\/td><td>prof. dr. Jo\u017ee Punger\u010dar &#8211; B2, predsednik<\/td><td>Joze.Pungercar@ijs.si<\/td><\/tr><tr><td>2.<\/td><td>dr. Andrej Gori\u0161ek &#8211; F9<\/td><td>Andrej.Gorisek@ijs.si<\/td><\/tr><tr><td>3.<\/td><td>Vesna Koricki &#8211; E9 (namestnik)<\/td><td>Vesna.Koricki@ijs.si<\/td><\/tr><tr><td>4.<\/td><td>Bo\u0161tjan \u010crni\u010d, mag. med. fiz. &#8211; F2<\/td><td>Bostjan.Crnic@ijs.si<\/td><\/tr><tr><td>4.a<\/td><td>dr. Primo\u017e Vavpeti\u010d &#8211; F2 (namestnik)<\/td><td>Primoz.Vavpetic@ijs.si<\/td><\/tr><tr><td>5.<\/td><td>doc. dr. Bernard \u017denko &#8211; E8, podpredsednik<\/td><td>Bernard.Zenko@ijs.si<\/td><\/tr><tr><td>6.<\/td><td>dr. An\u017ee Jazbec &#8211; RIC<\/td><td>Anze.Jazbec@ijs.si<\/td><\/tr><tr><td>7.<\/td><td>Aleksandra Fekonja &#8211; TS<\/td><td>Sasa.Fekonja@ijs.si<\/td><\/tr><tr><td>8.<\/td><td>Roman Bevc &#8211; P3<\/td><td>Roman.Bevc@ijs.si<\/td><\/tr><tr><td>9.<\/td><td>Metka \u0160traus Pe\u010dar &#8211; U1<\/td><td>Metka.Straus@ijs.si<\/td><\/tr><\/tbody><\/table><\/figure>\n\n\n\n<p><strong>\u010clani\/ce Nadzornega odbora: <\/strong><\/p>\n\n\n\n<ol class=\"wp-block-list\">\n<li>dr. Gasper Tav\u010dar &#8211; Kl<\/li>\n\n\n\n<li>Mitja Lasi\u010d &#8211; E9<\/li>\n\n\n\n<li>lvanka Meja\u010d &#8211; U4<\/li>\n<\/ol>\n","protected":false},"excerpt":{"rendered":"<p>Predsednik sindikata: prof. dr. Jo\u017ee Punger\u010dar Podpredsednik sindikata: doc. dr. Bernard \u017denko Sindikalna zaupnica: Metka \u0160traus Pe\u010dar metka.straus@ijs.si Blagajni\u010darka: mag. Regina Gruden regina.gruden@ijs.si \u010clani\/ce izvr\u0161nega odbora 1. prof. dr. Jo\u017ee Punger\u010dar &#8211; B2, predsednik Joze.Pungercar@ijs.si 2. dr. Andrej Gori\u0161ek &#8211;<\/p>\n","protected":false},"author":1,"featured_media":0,"parent":0,"menu_order":0,"comment_status":"closed","ping_status":"closed","template":"","meta":{"footnotes":""},"class_list":["post-1080","page","type-page","status-publish","hentry"],"_links":{"self":[{"href":"https:\/\/ijs-sviz.ijs.si\/index.php\/wp-json\/wp\/v2\/pages\/1080","targetHints":{"allow":["GET"]}}],"collection":[{"href":"https:\/\/ijs-sviz.ijs.si\/index.php\/wp-json\/wp\/v2\/pages"}],"about":[{"href":"https:\/\/ijs-sviz.ijs.si\/index.php\/wp-json\/wp\/v2\/types\/page"}],"author":[{"embeddable":true,"href":"https:\/\/ijs-sviz.ijs.si\/index.php\/wp-json\/wp\/v2\/users\/1"}],"replies":[{"embeddable":true,"href":"https:\/\/ijs-sviz.ijs.si\/index.php\/wp-json\/wp\/v2\/comments?post=1080"}],"version-history":[{"count":10,"href":"https:\/\/ijs-sviz.ijs.si\/index.php\/wp-json\/wp\/v2\/pages\/1080\/revisions"}],"predecessor-version":[{"id":1445,"href":"https:\/\/ijs-sviz.ijs.si\/index.php\/wp-json\/wp\/v2\/pages\/1080\/revisions\/1445"}],"wp:attachment":[{"href":"https:\/\/ijs-sviz.ijs.si\/index.php\/wp-json\/wp\/v2\/media?parent=1080"}],"curies":[{"name":"wp","href":"https:\/\/api.w.org\/{rel}","templated":true}]}}